{"id":746,"date":"2022-11-18T21:47:27","date_gmt":"2022-11-18T21:47:27","guid":{"rendered":"https:\/\/dcnt.space\/impressum\/"},"modified":"2022-11-18T21:51:57","modified_gmt":"2022-11-18T21:51:57","slug":"impressum","status":"publish","type":"page","link":"https:\/\/dcnt.space\/en\/impressum\/","title":{"rendered":"Impressum"},"content":{"rendered":"\t\t<div data-elementor-type=\"wp-page\" data-elementor-id=\"746\" class=\"elementor elementor-746 elementor-738\" data-elementor-post-type=\"page\">\n\t\t\t\t\t\t<section data-particle_enable=\"false\" data-particle-mobile-disabled=\"false\" class=\"elementor-section elementor-top-section elementor-element elementor-element-3e0569e2 elementor-section-full_width elementor-section-content-middle elementor-reverse-mobile elementor-section-height-default elementor-section-height-default\" data-id=\"3e0569e2\" data-element_type=\"section\" data-settings=\"{&quot;background_background&quot;:&quot;classic&quot;}\">\n\t\t\t\t\t\t<div class=\"elementor-container elementor-column-gap-default\">\n\t\t\t\t\t<div class=\"elementor-column elementor-col-100 elementor-top-column elementor-element elementor-element-57f44566\" data-id=\"57f44566\" data-element_type=\"column\">\n\t\t\t<div class=\"elementor-widget-wrap elementor-element-populated\">\n\t\t\t\t\t\t<div class=\"elementor-element elementor-element-2e1e6bdf elementor-widget elementor-widget-heading\" data-id=\"2e1e6bdf\" data-element_type=\"widget\" data-widget_type=\"heading.default\">\n\t\t\t\t<div class=\"elementor-widget-container\">\n\t\t\t\t\t<h1 class=\"elementor-heading-title elementor-size-default\">Impressum<\/h1>\t\t\t\t<\/div>\n\t\t\t\t<\/div>\n\t\t\t\t\t<\/div>\n\t\t<\/div>\n\t\t\t\t\t<\/div>\n\t\t<\/section>\n\t\t\t\t<section data-particle_enable=\"false\" data-particle-mobile-disabled=\"false\" class=\"elementor-section elementor-top-section elementor-element elementor-element-d1e7622 elementor-section-boxed elementor-section-height-default elementor-section-height-default\" data-id=\"d1e7622\" data-element_type=\"section\">\n\t\t\t\t\t\t<div class=\"elementor-container elementor-column-gap-default\">\n\t\t\t\t\t<div class=\"elementor-column elementor-col-100 elementor-top-column elementor-element elementor-element-be425e6\" data-id=\"be425e6\" data-element_type=\"column\">\n\t\t\t<div class=\"elementor-widget-wrap elementor-element-populated\">\n\t\t\t\t\t\t<div class=\"elementor-element elementor-element-dacb537 elementor-widget elementor-widget-text-editor\" data-id=\"dacb537\" data-element_type=\"widget\" data-widget_type=\"text-editor.default\">\n\t\t\t\t<div class=\"elementor-widget-container\">\n\t\t\t\t\t\t\t\t\t<p><strong>DCT UPRAVLJANJE POSLOVNIM PROCESIMA d.o.o.<\/strong><br>Headquarter: Rim 53, 10000 Zagreb<br>Croatia<\/p>\n<p><b>OIB:<\/b> 24441423037<br><b>MBS:<\/b> 081043081<\/p>\n<p><b>Founders\/members of the company<br><\/b>Timi Kova\u010devi\u0107<\/p>\n<p><b>Authorized representative<br><\/b>Timi Kova\u010devi\u0107<\/p>\n<p><b>Share capital<br><\/b>20.000,00 kn paid in full<\/p>\n<p>DCT UPRAVLJANJE POSLOVNIM PROCESIMA d.o.o. for services<\/p>\t\t\t\t\t\t\t\t<\/div>\n\t\t\t\t<\/div>\n\t\t\t\t\t<\/div>\n\t\t<\/div>\n\t\t\t\t\t<\/div>\n\t\t<\/section>\n\t\t\t\t<\/div>\n\t\t","protected":false},"excerpt":{"rendered":"<p>DCT UPRAVLJANJE POSLOVNIM PROCESIMA d.o.o.Headquarter: Rim 53, 10000 ZagrebCroatia OIB: 24441423037MBS: 081043081 Founders\/members of the companyTimi Kova\u010devi\u0107 Authorized representativeTimi Kova\u010devi\u0107 Share capital20.000,00 kn paid in full DCT UPRAVLJANJE POSLOVNIM PROCESIMA d.o.o. for services<\/p>\n","protected":false},"author":3,"featured_media":0,"parent":0,"menu_order":0,"comment_status":"closed","ping_status":"closed","template":"","meta":{"_acf_changed":false,"_eb_attr":"","footnotes":""},"class_list":["post-746","page","type-page","status-publish","hentry"],"acf":[],"yoast_head":"<!-- This site is optimized with the Yoast SEO plugin v24.3 - https:\/\/yoast.com\/wordpress\/plugins\/seo\/ -->\n<title>Impressum - DC&amp;T<\/title>\n<meta name=\"robots\" content=\"index, follow, max-snippet:-1, max-image-preview:large, max-video-preview:-1\" \/>\n<link rel=\"canonical\" href=\"https:\/\/dcnt.space\/impressum\/\" \/>\n<meta property=\"og:locale\" content=\"en_US\" \/>\n<meta property=\"og:type\" content=\"article\" \/>\n<meta property=\"og:title\" content=\"Impressum - DC&amp;T\" \/>\n<meta property=\"og:description\" content=\"DCT UPRAVLJANJE POSLOVNIM PROCESIMA d.o.o.Headquarter: Rim 53, 10000 ZagrebCroatia OIB: 24441423037MBS: 081043081 Founders\/members of the companyTimi Kova\u010devi\u0107 Authorized representativeTimi Kova\u010devi\u0107 Share capital20.000,00 kn paid in full DCT UPRAVLJANJE POSLOVNIM PROCESIMA d.o.o. for services\" \/>\n<meta property=\"og:url\" content=\"https:\/\/dcnt.space\/impressum\/\" \/>\n<meta property=\"og:site_name\" content=\"DC&amp;T\" \/>\n<meta property=\"article:modified_time\" content=\"2022-11-18T21:51:57+00:00\" \/>\n<meta name=\"twitter:card\" content=\"summary_large_image\" \/>\n<meta name=\"twitter:label1\" content=\"Est. reading time\" \/>\n\t<meta name=\"twitter:data1\" content=\"1 minute\" \/>\n<script type=\"application\/ld+json\" class=\"yoast-schema-graph\">{\"@context\":\"https:\/\/schema.org\",\"@graph\":[{\"@type\":\"WebPage\",\"@id\":\"https:\/\/dcnt.space\/impressum\/\",\"url\":\"https:\/\/dcnt.space\/impressum\/\",\"name\":\"Impressum - DC&amp;T\",\"isPartOf\":{\"@id\":\"https:\/\/dcnt.space\/#website\"},\"datePublished\":\"2022-11-18T21:47:27+00:00\",\"dateModified\":\"2022-11-18T21:51:57+00:00\",\"breadcrumb\":{\"@id\":\"https:\/\/dcnt.space\/impressum\/#breadcrumb\"},\"inLanguage\":\"en-US\",\"potentialAction\":[{\"@type\":\"ReadAction\",\"target\":[\"https:\/\/dcnt.space\/impressum\/\"]}]},{\"@type\":\"BreadcrumbList\",\"@id\":\"https:\/\/dcnt.space\/impressum\/#breadcrumb\",\"itemListElement\":[{\"@type\":\"ListItem\",\"position\":1,\"name\":\"Home\",\"item\":\"https:\/\/dcnt.space\/en\/\"},{\"@type\":\"ListItem\",\"position\":2,\"name\":\"Impressum\"}]},{\"@type\":\"WebSite\",\"@id\":\"https:\/\/dcnt.space\/#website\",\"url\":\"https:\/\/dcnt.space\/\",\"name\":\"DC&amp;T\",\"description\":\"Realestate workspace management\",\"publisher\":{\"@id\":\"https:\/\/dcnt.space\/#organization\"},\"potentialAction\":[{\"@type\":\"SearchAction\",\"target\":{\"@type\":\"EntryPoint\",\"urlTemplate\":\"https:\/\/dcnt.space\/?s={search_term_string}\"},\"query-input\":{\"@type\":\"PropertyValueSpecification\",\"valueRequired\":true,\"valueName\":\"search_term_string\"}}],\"inLanguage\":\"en-US\"},{\"@type\":\"Organization\",\"@id\":\"https:\/\/dcnt.space\/#organization\",\"name\":\"DC&amp;T\",\"url\":\"https:\/\/dcnt.space\/\",\"logo\":{\"@type\":\"ImageObject\",\"inLanguage\":\"en-US\",\"@id\":\"https:\/\/dcnt.space\/#\/schema\/logo\/image\/\",\"url\":\"https:\/\/dcnt.space\/wp-content\/uploads\/2023\/08\/dcnt-novi-logo.svg\",\"contentUrl\":\"https:\/\/dcnt.space\/wp-content\/uploads\/2023\/08\/dcnt-novi-logo.svg\",\"width\":468,\"height\":214,\"caption\":\"DC&amp;T\"},\"image\":{\"@id\":\"https:\/\/dcnt.space\/#\/schema\/logo\/image\/\"}}]}<\/script>\n<!-- \/ Yoast SEO plugin. -->","yoast_head_json":{"title":"Impressum - DC&amp;T","robots":{"index":"index","follow":"follow","max-snippet":"max-snippet:-1","max-image-preview":"max-image-preview:large","max-video-preview":"max-video-preview:-1"},"canonical":"https:\/\/dcnt.space\/impressum\/","og_locale":"en_US","og_type":"article","og_title":"Impressum - DC&amp;T","og_description":"DCT UPRAVLJANJE POSLOVNIM PROCESIMA d.o.o.Headquarter: Rim 53, 10000 ZagrebCroatia OIB: 24441423037MBS: 081043081 Founders\/members of the companyTimi Kova\u010devi\u0107 Authorized representativeTimi Kova\u010devi\u0107 Share capital20.000,00 kn paid in full DCT UPRAVLJANJE POSLOVNIM PROCESIMA d.o.o. for services","og_url":"https:\/\/dcnt.space\/impressum\/","og_site_name":"DC&amp;T","article_modified_time":"2022-11-18T21:51:57+00:00","twitter_card":"summary_large_image","twitter_misc":{"Est. reading time":"1 minute"},"schema":{"@context":"https:\/\/schema.org","@graph":[{"@type":"WebPage","@id":"https:\/\/dcnt.space\/impressum\/","url":"https:\/\/dcnt.space\/impressum\/","name":"Impressum - DC&amp;T","isPartOf":{"@id":"https:\/\/dcnt.space\/#website"},"datePublished":"2022-11-18T21:47:27+00:00","dateModified":"2022-11-18T21:51:57+00:00","breadcrumb":{"@id":"https:\/\/dcnt.space\/impressum\/#breadcrumb"},"inLanguage":"en-US","potentialAction":[{"@type":"ReadAction","target":["https:\/\/dcnt.space\/impressum\/"]}]},{"@type":"BreadcrumbList","@id":"https:\/\/dcnt.space\/impressum\/#breadcrumb","itemListElement":[{"@type":"ListItem","position":1,"name":"Home","item":"https:\/\/dcnt.space\/en\/"},{"@type":"ListItem","position":2,"name":"Impressum"}]},{"@type":"WebSite","@id":"https:\/\/dcnt.space\/#website","url":"https:\/\/dcnt.space\/","name":"DC&amp;T","description":"Realestate workspace management","publisher":{"@id":"https:\/\/dcnt.space\/#organization"},"potentialAction":[{"@type":"SearchAction","target":{"@type":"EntryPoint","urlTemplate":"https:\/\/dcnt.space\/?s={search_term_string}"},"query-input":{"@type":"PropertyValueSpecification","valueRequired":true,"valueName":"search_term_string"}}],"inLanguage":"en-US"},{"@type":"Organization","@id":"https:\/\/dcnt.space\/#organization","name":"DC&amp;T","url":"https:\/\/dcnt.space\/","logo":{"@type":"ImageObject","inLanguage":"en-US","@id":"https:\/\/dcnt.space\/#\/schema\/logo\/image\/","url":"https:\/\/dcnt.space\/wp-content\/uploads\/2023\/08\/dcnt-novi-logo.svg","contentUrl":"https:\/\/dcnt.space\/wp-content\/uploads\/2023\/08\/dcnt-novi-logo.svg","width":468,"height":214,"caption":"DC&amp;T"},"image":{"@id":"https:\/\/dcnt.space\/#\/schema\/logo\/image\/"}}]}},"_links":{"self":[{"href":"https:\/\/dcnt.space\/en\/wp-json\/wp\/v2\/pages\/746","targetHints":{"allow":["GET"]}}],"collection":[{"href":"https:\/\/dcnt.space\/en\/wp-json\/wp\/v2\/pages"}],"about":[{"href":"https:\/\/dcnt.space\/en\/wp-json\/wp\/v2\/types\/page"}],"author":[{"embeddable":true,"href":"https:\/\/dcnt.space\/en\/wp-json\/wp\/v2\/users\/3"}],"replies":[{"embeddable":true,"href":"https:\/\/dcnt.space\/en\/wp-json\/wp\/v2\/comments?post=746"}],"version-history":[{"count":3,"href":"https:\/\/dcnt.space\/en\/wp-json\/wp\/v2\/pages\/746\/revisions"}],"predecessor-version":[{"id":749,"href":"https:\/\/dcnt.space\/en\/wp-json\/wp\/v2\/pages\/746\/revisions\/749"}],"wp:attachment":[{"href":"https:\/\/dcnt.space\/en\/wp-json\/wp\/v2\/media?parent=746"}],"curies":[{"name":"wp","href":"https:\/\/api.w.org\/{rel}","templated":true}]}}